{"id":137,"date":"2021-09-29T12:01:40","date_gmt":"2021-09-29T12:01:40","guid":{"rendered":"https:\/\/associationfreestylesystems.com\/?page_id=137"},"modified":"2025-09-05T13:53:15","modified_gmt":"2025-09-05T13:53:15","slug":"les-ateliers-afro","status":"publish","type":"page","link":"https:\/\/associationfreestylesystems.com\/?page_id=137","title":{"rendered":"Les ateliers afro"},"content":{"rendered":"<header class=\"entry-header\">\n<h1 class=\"entry-title\">Dates de r\u00e9p\u00e9titions de l&rsquo;atelier afro :<\/h1>\n<\/header>\n<div class=\"entry-content\">\n<p>Voici nos dates de r\u00e9p\u00e9titions les samedis :<\/p>\n<p>\u00e0 venir pour l&rsquo;ann\u00e9e 2025-26&#8230;<\/p>\n<p>Toutes les r\u00e9p\u00e9titions ont lieu de 14h30 \u00e0 16h30. Nous vous donnons rendez-vous au local de l\u2019association (4 avenue du Parc \u00e0 Fontenay aux Roses) \u00e0 14h pour r\u00e9cup\u00e9rer les instruments ensemble \ud83d\ude42\u00a0N\u2019h\u00e9sitez pas \u00e0 amener un petit go\u00fbter \u00e0 partager \u00e0 la pause ou \u00e0 la fin de la r\u00e9p\u00e9tition !<\/p>\n<p>&nbsp;<\/p>\n<p>A bient\u00f4t !<\/p>\n<\/div>\n","protected":false},"excerpt":{"rendered":"<p>Dates de r\u00e9p\u00e9titions de l&rsquo;atelier afro : Voici nos dates de r\u00e9p\u00e9titions les samedis : \u00e0 venir pour l&rsquo;ann\u00e9e 2025-26&#8230; Toutes les r\u00e9p\u00e9titions ont lieu de 14h30 \u00e0 16h30. Nous vous donnons rendez-vous au local de l\u2019association (4 avenue du Parc \u00e0 Fontenay aux Roses) \u00e0 14h pour r\u00e9cup\u00e9rer les instruments ensemble \ud83d\ude42\u00a0N\u2019h\u00e9sitez pas \u00e0 &hellip; <\/p>\n<p class=\"link-more\"><a href=\"https:\/\/associationfreestylesystems.com\/?page_id=137\" class=\"more-link\">Continuer la lecture<span class=\"screen-reader-text\"> de &laquo;&nbsp;Les ateliers afro&nbsp;&raquo;<\/span><\/a><\/p>\n","protected":false},"author":1,"featured_media":0,"parent":0,"menu_order":0,"comment_status":"closed","ping_status":"closed","template":"","meta":{"footnotes":""},"class_list":["post-137","page","type-page","status-publish","hentry"],"_links":{"self":[{"href":"https:\/\/associationfreestylesystems.com\/index.php?rest_route=\/wp\/v2\/pages\/137","targetHints":{"allow":["GET"]}}],"collection":[{"href":"https:\/\/associationfreestylesystems.com\/index.php?rest_route=\/wp\/v2\/pages"}],"about":[{"href":"https:\/\/associationfreestylesystems.com\/index.php?rest_route=\/wp\/v2\/types\/page"}],"author":[{"embeddable":true,"href":"https:\/\/associationfreestylesystems.com\/index.php?rest_route=\/wp\/v2\/users\/1"}],"replies":[{"embeddable":true,"href":"https:\/\/associationfreestylesystems.com\/index.php?rest_route=%2Fwp%2Fv2%2Fcomments&post=137"}],"version-history":[{"count":4,"href":"https:\/\/associationfreestylesystems.com\/index.php?rest_route=\/wp\/v2\/pages\/137\/revisions"}],"predecessor-version":[{"id":157,"href":"https:\/\/associationfreestylesystems.com\/index.php?rest_route=\/wp\/v2\/pages\/137\/revisions\/157"}],"wp:attachment":[{"href":"https:\/\/associationfreestylesystems.com\/index.php?rest_route=%2Fwp%2Fv2%2Fmedia&parent=137"}],"curies":[{"name":"wp","href":"https:\/\/api.w.org\/{rel}","templated":true}]}}