{"id":19,"date":"2020-11-05T15:06:33","date_gmt":"2020-11-05T15:06:33","guid":{"rendered":"https:\/\/associationfreestylesystems.com\/?page_id=19"},"modified":"2023-01-16T09:55:40","modified_gmt":"2023-01-16T09:55:40","slug":"accueil","status":"publish","type":"page","link":"https:\/\/associationfreestylesystems.com\/?page_id=19","title":{"rendered":"Qui sommes-nous ?"},"content":{"rendered":"\r\n<p class=\"mobile-undersized-upper\"><span class=\"textnormal \">Cr\u00e9\u00e9e en 1989, l\u2019association loi 1901 d\u2019animation populaire :<\/span><\/p>\r\n<p class=\"mobile-undersized-upper\"><span class=\"textnormal \">Freestyle systems s\u2019est donn\u00e9 pour objectif de d\u00e9velopper des projets socioculturels en utilisant comme moyen les activit\u00e9s artistiques que sont la musique, la danse, les arts du cirque et de la rue.<\/span><\/p>\r\n<p class=\"mobile-undersized-upper\"><span class=\"textnormal \">A la base du projet et du concept \u201cBatuc du Manaca\u201d, Freestyle revendique la port\u00e9e humaine tr\u00e8s proche des batucadas de quartiers en favorisant la rencontre, l\u2019\u00e9change et le partage.<\/span><\/p>\r\n<p>Freestyle Systems \u00e9volue avec plusieurs associations et structures de la ville, afin de favoriser l&rsquo;action sociale et culturelle au travers de nombreuses activit\u00e9s. Sur notre site, vous retrouverez les diff\u00e9rents ateliers que nous proposons au sein de la ville de Fontenay-aux-Roses, les projets qui animent notre association, nos photos souvenirs&#8230; N&rsquo;h\u00e9sitez pas \u00e0 prendre contact avec nous pour toute information compl\u00e9mentaire ! Nous pouvons \u00e9galement vous d\u00e9livrer des devis pour toute demande de prestation. A bient\u00f4t !<\/p>\r\n","protected":false},"excerpt":{"rendered":"<p>Cr\u00e9\u00e9e en 1989, l\u2019association loi 1901 d\u2019animation populaire : Freestyle systems s\u2019est donn\u00e9 pour objectif de d\u00e9velopper des projets socioculturels en utilisant comme moyen les activit\u00e9s artistiques que sont la musique, la danse, les arts du cirque et de la rue. A la base du projet et du concept \u201cBatuc du Manaca\u201d, Freestyle revendique la &hellip; <\/p>\n<p class=\"link-more\"><a href=\"https:\/\/associationfreestylesystems.com\/?page_id=19\" class=\"more-link\">Continuer la lecture<span class=\"screen-reader-text\"> de &laquo;&nbsp;Qui sommes-nous ?&nbsp;&raquo;<\/span><\/a><\/p>\n","protected":false},"author":1,"featured_media":92,"parent":20,"menu_order":0,"comment_status":"closed","ping_status":"closed","template":"","meta":{"footnotes":""},"class_list":["post-19","page","type-page","status-publish","has-post-thumbnail","hentry"],"_links":{"self":[{"href":"https:\/\/associationfreestylesystems.com\/index.php?rest_route=\/wp\/v2\/pages\/19","targetHints":{"allow":["GET"]}}],"collection":[{"href":"https:\/\/associationfreestylesystems.com\/index.php?rest_route=\/wp\/v2\/pages"}],"about":[{"href":"https:\/\/associationfreestylesystems.com\/index.php?rest_route=\/wp\/v2\/types\/page"}],"author":[{"embeddable":true,"href":"https:\/\/associationfreestylesystems.com\/index.php?rest_route=\/wp\/v2\/users\/1"}],"replies":[{"embeddable":true,"href":"https:\/\/associationfreestylesystems.com\/index.php?rest_route=%2Fwp%2Fv2%2Fcomments&post=19"}],"version-history":[{"count":9,"href":"https:\/\/associationfreestylesystems.com\/index.php?rest_route=\/wp\/v2\/pages\/19\/revisions"}],"predecessor-version":[{"id":122,"href":"https:\/\/associationfreestylesystems.com\/index.php?rest_route=\/wp\/v2\/pages\/19\/revisions\/122"}],"up":[{"embeddable":true,"href":"https:\/\/associationfreestylesystems.com\/index.php?rest_route=\/wp\/v2\/pages\/20"}],"wp:featuredmedia":[{"embeddable":true,"href":"https:\/\/associationfreestylesystems.com\/index.php?rest_route=\/wp\/v2\/media\/92"}],"wp:attachment":[{"href":"https:\/\/associationfreestylesystems.com\/index.php?rest_route=%2Fwp%2Fv2%2Fmedia&parent=19"}],"curies":[{"name":"wp","href":"https:\/\/api.w.org\/{rel}","templated":true}]}}